{"id":1343,"date":"2023-09-26T15:57:21","date_gmt":"2023-09-26T13:57:21","guid":{"rendered":"https:\/\/eracbd.com\/?post_type=product&#038;p=1343"},"modified":"2025-02-12T02:46:26","modified_gmt":"2025-02-12T01:46:26","slug":"huile-cbd-massage","status":"publish","type":"product","link":"https:\/\/eracbd.com\/de\/produkt\/huile-cbd-massage\/","title":{"rendered":"CBD-Massage\u00f6l \u2013 Muskel- und Gelenkentspannungsmittel"},"content":{"rendered":"<p><strong>Mit Era Massage\u00f6l \u201eMuskel- und Gelenkrelaxans\u201c.<\/strong>\u00a0\u00bb <strong>Zwischen den H\u00e4nden stellen Sie sich vor, wie Sie in einen Kokon des Wohlbefindens eingetaucht sind, der Schmerz langsam nachl\u00e4sst und die Sorgen aus Ihrem Kopf verschwinden<\/strong>. <\/p>\n\n\n\n<ol type=\"1\">\n<li><strong>Bereiten Sie die Atmosph\u00e4re vor:<\/strong> Schaffen Sie an einem ruhigen Ort eine Atmosph\u00e4re, die zum Entspannen einl\u00e4dt.<\/li>\n\n\n\n<li><strong>Riechen Sie die Ger\u00fcche von\u2026. F\u00dcR DIE ZUTATEN<\/strong><\/li>\n\n\n\n<li><strong>Erhitzen Sie das Era CBD-\u00d6l \u2013 Muskel- und Gelenkentspannungsmittel<\/strong> <strong>:<\/strong> Geben Sie ein paar Tropfen Massage\u00f6l in Ihre Handfl\u00e4che und verreiben Sie es leicht, um es zu erw\u00e4rmen. <em>Das \u00d6l l\u00e4sst sich am besten leicht warm auftragen.<\/em><\/li>\n\n\n\n<li><strong>Starten Sie die Massage:<\/strong> Tragen Sie Era CBD-Massage\u00f6l \u2013 Muskel- und Gelenkrelaxant \u2013 auf die zu massierende Stelle auf. Verwenden Sie langsame, sanfte Bewegungen, um die Muskeln zu entspannen. <\/li>\n\n\n\n<li><strong>Tief einatmen :<\/strong> Atmen Sie tief durch, um die Entspannung zu intensivieren. Lassen Sie sich vom wohltuenden Duft des \u00d6ls und der Kraft von CBD umh\u00fcllen.<\/li>\n\n\n\n<li><strong>Genie\u00dfen Sie den gegenw\u00e4rtigen Moment:<\/strong> Lassen Sie Ihre Sorgen verschwinden und konzentrieren Sie sich auf das Wohlbefinden Ihres K\u00f6rpers und Geistes. Ihre Haut bleibt weich und gepflegt.<\/li>\n<\/ol>","protected":false},"excerpt":{"rendered":"<p>Era CBD-Massage\u00f6l entspannt Ihre Muskeln und entlastet Ihre Gelenke f\u00fcr eine gezielte und sofortige Wirkung.<\/p>","protected":false},"featured_media":0,"comment_status":"open","ping_status":"closed","template":"","meta":{"site-sidebar-layout":"default","site-content-layout":"","ast-site-content-layout":"","site-content-style":"default","site-sidebar-style":"default","ast-global-header-display":"","ast-banner-title-visibility":"","ast-main-header-display":"","ast-hfb-above-header-display":"","ast-hfb-below-header-display":"","ast-hfb-mobile-header-display":"","site-post-title":"","ast-breadcrumbs-content":"","ast-featured-img":"","footer-sml-layout":"","theme-transparent-header-meta":"","adv-header-id-meta":"","stick-header-meta":"","header-above-stick-meta":"","header-main-stick-meta":"","header-below-stick-meta":"","astra-migrate-meta-layouts":""},"product_cat":[41],"product_tag":[],"_links":{"self":[{"href":"https:\/\/eracbd.com\/de\/wp-json\/wp\/v2\/product\/1343"}],"collection":[{"href":"https:\/\/eracbd.com\/de\/wp-json\/wp\/v2\/product"}],"about":[{"href":"https:\/\/eracbd.com\/de\/wp-json\/wp\/v2\/types\/product"}],"replies":[{"embeddable":true,"href":"https:\/\/eracbd.com\/de\/wp-json\/wp\/v2\/comments?post=1343"}],"version-history":[{"count":0,"href":"https:\/\/eracbd.com\/de\/wp-json\/wp\/v2\/product\/1343\/revisions"}],"wp:attachment":[{"href":"https:\/\/eracbd.com\/de\/wp-json\/wp\/v2\/media?parent=1343"}],"wp:term":[{"taxonomy":"product_cat","embeddable":true,"href":"https:\/\/eracbd.com\/de\/wp-json\/wp\/v2\/product_cat?post=1343"},{"taxonomy":"product_tag","embeddable":true,"href":"https:\/\/eracbd.com\/de\/wp-json\/wp\/v2\/product_tag?post=1343"}],"curies":[{"name":"wp","href":"https:\/\/api.w.org\/{rel}","templated":true}]}}