{"id":1345,"date":"2023-09-26T16:14:22","date_gmt":"2023-09-26T14:14:22","guid":{"rendered":"https:\/\/eracbd.com\/?post_type=product&#038;p=1345"},"modified":"2024-01-23T00:24:50","modified_gmt":"2024-01-22T23:24:50","slug":"huile-cbd-sommeil-paisible","status":"publish","type":"product","link":"https:\/\/eracbd.com\/de\/produkt\/huile-cbd-sommeil-paisible\/","title":{"rendered":"CBD-\u00d6l \u2013 Ruhiger Schlaf"},"content":{"rendered":"<p><strong>Stellen Sie sich vor, Sie liegen in der Ruhe Ihres Zimmers, die Sorgen des Tages verschwinden und Ihr Geist bereitet sich langsam auf das Tr\u00e4umen vor. Mit dem CBD-\u00d6l \u201ePeaceful Sleep\u201c von Era halten Sie eine Einladung in Ihren H\u00e4nden, in das Herz des beruhigenden und nat\u00fcrlichen Schlafs zu reisen.<\/strong><\/p>\n\n\n\n<ol type=\"1\" start=\"1\">\n<li>Sch\u00fctteln Sie vorsichtig die Era-Flasche: \u201eCBD-\u00d6l \u2013 Friedlicher Schlaf\u201c. <\/li>\n\n\n\n<li>Geben Sie in der ersten Woche 2-3 Tropfen CBD-\u00d6l \u2013 Friedlicher Schlaf \u2013 unter Ihre Zunge \u2013 sublinguale Verabreichungsmethode.<\/li>\n\n\n\n<li>Warten Sie 60 Sekunden, um eine optimale Absorption und Wirksamkeit zu gew\u00e4hrleisten.<\/li>\n\n\n\n<li>F\u00fcr eine personalisierte und ma\u00dfgeschneiderte Dosierung stellen Sie Ihre Diagnose in weniger als 2 Minuten&nbsp;<a href=\"#quiz-koHeyK\"><strong>Hier<\/strong><\/a>.<\/li>\n\n\n\n<li><strong>Integrieren<\/strong> Ihr CBD-\u00d6l \u2013 Friedlicher Schlaf in Ihrem n\u00e4chtlichen Ritual, um Spannungen abzubauen, den Geist zu beruhigen und Sie auf eine Nacht voller k\u00f6stlicher Tr\u00e4ume mit Science Era CBD vorzubereiten. <\/li>\n<\/ol>","protected":false},"excerpt":{"rendered":"<p>L&rsquo;Huile CBD Era pour un sommeil paisible. Test\u00e9e et approuv\u00e9e par la Science Era CBD. <\/p>","protected":false},"featured_media":0,"comment_status":"open","ping_status":"closed","template":"","meta":{"site-sidebar-layout":"default","site-content-layout":"","ast-site-content-layout":"","site-content-style":"default","site-sidebar-style":"default","ast-global-header-display":"","ast-banner-title-visibility":"","ast-main-header-display":"","ast-hfb-above-header-display":"","ast-hfb-below-header-display":"","ast-hfb-mobile-header-display":"","site-post-title":"","ast-breadcrumbs-content":"","ast-featured-img":"","footer-sml-layout":"","theme-transparent-header-meta":"","adv-header-id-meta":"","stick-header-meta":"","header-above-stick-meta":"","header-main-stick-meta":"","header-below-stick-meta":"","astra-migrate-meta-layouts":""},"product_cat":[40],"product_tag":[],"_links":{"self":[{"href":"https:\/\/eracbd.com\/de\/wp-json\/wp\/v2\/product\/1345"}],"collection":[{"href":"https:\/\/eracbd.com\/de\/wp-json\/wp\/v2\/product"}],"about":[{"href":"https:\/\/eracbd.com\/de\/wp-json\/wp\/v2\/types\/product"}],"replies":[{"embeddable":true,"href":"https:\/\/eracbd.com\/de\/wp-json\/wp\/v2\/comments?post=1345"}],"version-history":[{"count":1,"href":"https:\/\/eracbd.com\/de\/wp-json\/wp\/v2\/product\/1345\/revisions"}],"predecessor-version":[{"id":3580,"href":"https:\/\/eracbd.com\/de\/wp-json\/wp\/v2\/product\/1345\/revisions\/3580"}],"wp:attachment":[{"href":"https:\/\/eracbd.com\/de\/wp-json\/wp\/v2\/media?parent=1345"}],"wp:term":[{"taxonomy":"product_cat","embeddable":true,"href":"https:\/\/eracbd.com\/de\/wp-json\/wp\/v2\/product_cat?post=1345"},{"taxonomy":"product_tag","embeddable":true,"href":"https:\/\/eracbd.com\/de\/wp-json\/wp\/v2\/product_tag?post=1345"}],"curies":[{"name":"wp","href":"https:\/\/api.w.org\/{rel}","templated":true}]}}