{"id":1347,"date":"2023-09-26T16:20:49","date_gmt":"2023-09-26T14:20:49","guid":{"rendered":"https:\/\/eracbd.com\/?post_type=product&#038;p=1347"},"modified":"2026-03-22T12:37:44","modified_gmt":"2026-03-22T11:37:44","slug":"huile-cbd-douleurs","status":"publish","type":"product","link":"https:\/\/eracbd.com\/de\/produkt\/huile-cbd-douleurs\/","title":{"rendered":"CBD-\u00d6l \u2013 Arthrose und Muskelschmerzen"},"content":{"rendered":"<p><strong>Mit Era CBD-\u00d6l \u201eArthrose und Muskelschmerzen\u201c in Ihren H\u00e4nden k\u00f6nnen Sie sich vorstellen, dass Sie von Ihren st\u00e4rksten Schmerzen befreit sind. Ihre Muskeln und Gelenke werden mit Science Era CBD von innen heraus repariert.<\/strong><\/p>\n\n\n\n<ol type=\"1\" start=\"1\">\n<li>Sch\u00fctteln Sie vorsichtig die Era-Flasche: CBD-\u00d6l \u2013 Arthrose und Muskelschmerzen.<\/li>\n\n\n\n<li>Geben Sie in der ersten Woche 2-3 Tropfen CBD-\u00d6l \u2013 Arthrose und Muskelschmerzen \u2013 unter Ihre Zunge \u2013 sublinguale Verabreichungsmethode.<\/li>\n\n\n\n<li>Warten Sie 60 Sekunden, um eine optimale Absorption und Wirksamkeit zu gew\u00e4hrleisten.<\/li>\n\n\n\n<li>F\u00fcr eine personalisierte und ma\u00dfgeschneiderte Dosierung stellen Sie Ihre Diagnose in weniger als 2 Minuten <a href=\"https:\/\/eracbd.com\/de\/ff8fdf9e-8d96-47df-b38f-6ce39aeeb12d\/#quiz-koHeyK\"><strong>Hier<\/strong><\/a>.<\/li>\n\n\n\n<li>Entdecken Sie das Vergn\u00fcgen, sich frei zu bewegen, mit Ihrem Era CBD-\u00d6l \u201eArthrose und Muskelschmerzen\u201c f\u00fcr eine nat\u00fcrliche und tiefgreifende Linderung neu <em>(auch f\u00fcr Sportler empfohlen).   <\/em>                                                                                                                                                                                                         <\/li>\n<\/ol>\n\n\n\n<p>        <\/p>","protected":false},"excerpt":{"rendered":"<p>Era CBD-\u00d6l f\u00fcr Ihre Gelenk- und Muskelschmerzen. <\/p>","protected":false},"featured_media":0,"comment_status":"open","ping_status":"closed","template":"","meta":{"site-sidebar-layout":"default","site-content-layout":"","ast-site-content-layout":"","site-content-style":"default","site-sidebar-style":"default","ast-global-header-display":"","ast-banner-title-visibility":"","ast-main-header-display":"","ast-hfb-above-header-display":"","ast-hfb-below-header-display":"","ast-hfb-mobile-header-display":"","site-post-title":"","ast-breadcrumbs-content":"","ast-featured-img":"","footer-sml-layout":"","theme-transparent-header-meta":"","adv-header-id-meta":"","stick-header-meta":"","header-above-stick-meta":"","header-main-stick-meta":"","header-below-stick-meta":"","astra-migrate-meta-layouts":""},"product_cat":[48],"product_tag":[],"_links":{"self":[{"href":"https:\/\/eracbd.com\/de\/wp-json\/wp\/v2\/product\/1347"}],"collection":[{"href":"https:\/\/eracbd.com\/de\/wp-json\/wp\/v2\/product"}],"about":[{"href":"https:\/\/eracbd.com\/de\/wp-json\/wp\/v2\/types\/product"}],"replies":[{"embeddable":true,"href":"https:\/\/eracbd.com\/de\/wp-json\/wp\/v2\/comments?post=1347"}],"version-history":[{"count":1,"href":"https:\/\/eracbd.com\/de\/wp-json\/wp\/v2\/product\/1347\/revisions"}],"predecessor-version":[{"id":3579,"href":"https:\/\/eracbd.com\/de\/wp-json\/wp\/v2\/product\/1347\/revisions\/3579"}],"wp:attachment":[{"href":"https:\/\/eracbd.com\/de\/wp-json\/wp\/v2\/media?parent=1347"}],"wp:term":[{"taxonomy":"product_cat","embeddable":true,"href":"https:\/\/eracbd.com\/de\/wp-json\/wp\/v2\/product_cat?post=1347"},{"taxonomy":"product_tag","embeddable":true,"href":"https:\/\/eracbd.com\/de\/wp-json\/wp\/v2\/product_tag?post=1347"}],"curies":[{"name":"wp","href":"https:\/\/api.w.org\/{rel}","templated":true}]}}