{"id":232,"date":"2021-08-18T05:19:42","date_gmt":"2021-08-18T03:19:42","guid":{"rendered":"https:\/\/eracbd.com\/produit\/aralia-ming\/"},"modified":"2024-01-23T00:25:01","modified_gmt":"2024-01-22T23:25:01","slug":"aralia-ming","status":"publish","type":"product","link":"https:\/\/eracbd.com\/de\/produkt\/aralia-ming\/","title":{"rendered":"CBD-\u00d6l \u2013 Nat\u00fcrlicher Anti-Stress"},"content":{"rendered":"<div data-elementor-type=\"wp-post\" data-elementor-id=\"232\" class=\"elementor elementor-232\" data-elementor-post-type=\"product\">\n\t\t\t\t\t\t\t<div class=\"elementor-element elementor-element-ddcc2ce e-flex e-con-boxed e-con e-parent\" data-id=\"ddcc2ce\" data-element_type=\"container\" data-settings=\"{&quot;content_width&quot;:&quot;boxed&quot;}\" data-core-v316-plus=\"true\">\n\t\t\t\t\t<div class=\"e-con-inner\">\n\t\t\t\t<div class=\"elementor-element elementor-element-8086d11 elementor-widget elementor-widget-wl-single-product-description\" data-id=\"8086d11\" data-element_type=\"widget\" data-widget_type=\"wl-single-product-description.default\">\n\t\t\t\t<div class=\"elementor-widget-container\">\n\t\t\t<div class=\"woocommerce_product_description\">\n<p><strong>Mit dem nat\u00fcrlichen Anti-Stress-CBD-\u00d6l von Era in Ihren H\u00e4nden finden Sie Ihre innere Gelassenheit in vollem Bewusstsein. Lassen Sie sich von CBD in ein Gef\u00fchl des Wohlbefindens einh\u00fcllen und Ihren Geist und K\u00f6rper ins Gleichgewicht bringen.<\/strong><\/p>\n\n\n\n<ol>\n<li>Sch\u00fctteln Sie die Era-Flasche \u201eCBD Oil \u2013 Natural Anti-Stress\u201c vorsichtig.<\/li>\n\n\n\n<li>Geben Sie in der ersten Woche 2-3 Tropfen nat\u00fcrliches Anti-Stress-CBD-\u00d6l unter Ihre Zunge \u2013 sublinguale Verabreichungsmethode<em>&nbsp;(nach Bedarf anpassen).<\/em><\/li>\n\n\n\n<li>Warten Sie 60 Sekunden, bevor Sie es schlucken, um eine optimale Absorption und Wirksamkeit zu gew\u00e4hrleisten.<\/li>\n\n\n\n<li>F\u00fcr eine personalisierte und ma\u00dfgeschneiderte Dosierung stellen Sie Ihre Diagnose in weniger als 2 Minuten&nbsp;<a href=\"https:\/\/eracbd.com\/de\/ff8fdf9e-8d96-47df-b38f-6ce39aeeb12d\/#quiz-koHeyK\"><strong>Hier<\/strong><\/a>.<\/li>\n\n\n\n<li>Lassen Sie sich von jedem Era CBD-Tropfen der Ruhe n\u00e4herbringen, die Sie suchen. Entfliehen Sie dem Stress und der Angst des Alltags mit dem nat\u00fcrlichen Anti-Stress-CBD-\u00d6l von Era.<\/li>\n<\/ol>\n<\/div>\t\t<\/div>\n\t\t\t\t<\/div>\n\t\t\t\t\t<\/div>\n\t\t\t\t<\/div>\n\t\t\t\t\t\t\t<\/div>","protected":false},"excerpt":{"rendered":"<p>Era CBD-\u00d6l f\u00fcr eine R\u00fcckkehr zur Ruhe, ein Leben ohne Stress und \u00c4ngste. <\/p>","protected":false},"featured_media":0,"comment_status":"open","ping_status":"closed","template":"","meta":{"site-sidebar-layout":"default","site-content-layout":"content-boxed-container","ast-site-content-layout":"","site-content-style":"default","site-sidebar-style":"default","ast-global-header-display":"","ast-banner-title-visibility":"","ast-main-header-display":"","ast-hfb-above-header-display":"","ast-hfb-below-header-display":"","ast-hfb-mobile-header-display":"","site-post-title":"","ast-breadcrumbs-content":"","ast-featured-img":"","footer-sml-layout":"","theme-transparent-header-meta":"default","adv-header-id-meta":"","stick-header-meta":"","header-above-stick-meta":"","header-main-stick-meta":"","header-below-stick-meta":"","astra-migrate-meta-layouts":""},"product_cat":[15],"product_tag":[],"_links":{"self":[{"href":"https:\/\/eracbd.com\/de\/wp-json\/wp\/v2\/product\/232"}],"collection":[{"href":"https:\/\/eracbd.com\/de\/wp-json\/wp\/v2\/product"}],"about":[{"href":"https:\/\/eracbd.com\/de\/wp-json\/wp\/v2\/types\/product"}],"replies":[{"embeddable":true,"href":"https:\/\/eracbd.com\/de\/wp-json\/wp\/v2\/comments?post=232"}],"version-history":[{"count":1,"href":"https:\/\/eracbd.com\/de\/wp-json\/wp\/v2\/product\/232\/revisions"}],"predecessor-version":[{"id":3581,"href":"https:\/\/eracbd.com\/de\/wp-json\/wp\/v2\/product\/232\/revisions\/3581"}],"wp:attachment":[{"href":"https:\/\/eracbd.com\/de\/wp-json\/wp\/v2\/media?parent=232"}],"wp:term":[{"taxonomy":"product_cat","embeddable":true,"href":"https:\/\/eracbd.com\/de\/wp-json\/wp\/v2\/product_cat?post=232"},{"taxonomy":"product_tag","embeddable":true,"href":"https:\/\/eracbd.com\/de\/wp-json\/wp\/v2\/product_tag?post=232"}],"curies":[{"name":"wp","href":"https:\/\/api.w.org\/{rel}","templated":true}]}}