{"id":2115,"date":"2023-10-19T22:38:42","date_gmt":"2023-10-19T20:38:42","guid":{"rendered":"https:\/\/eracbd.com\/?page_id=2115"},"modified":"2024-01-07T02:52:34","modified_gmt":"2024-01-07T01:52:34","slug":"archives","status":"publish","type":"page","link":"https:\/\/eracbd.com\/en\/archives\/","title":{"rendered":"Archives"},"content":{"rendered":"<div data-elementor-type=\"wp-page\" data-elementor-id=\"2115\" class=\"elementor elementor-2115\" data-elementor-post-type=\"page\">\n\t\t\t\t\t\t\t<div class=\"elementor-element elementor-element-c9a352d e-flex e-con-boxed e-con e-parent\" data-id=\"c9a352d\" data-element_type=\"container\" data-settings=\"{&quot;content_width&quot;:&quot;boxed&quot;}\" data-core-v316-plus=\"true\">\n\t\t\t\t\t<div class=\"e-con-inner\">\n\t\t\t\t<div class=\"elementor-element elementor-element-f4a151c premium-blog-align-center elementor-widget__width-auto elementor-widget elementor-widget-premium-addon-blog\" data-id=\"f4a151c\" data-element_type=\"widget\" data-settings=\"{&quot;premium_blog_columns_number&quot;:&quot;25%&quot;,&quot;premium_blog_columns_number_tablet&quot;:&quot;33.33%&quot;,&quot;premium_blog_grid&quot;:&quot;yes&quot;,&quot;premium_blog_layout&quot;:&quot;even&quot;,&quot;premium_blog_columns_number_mobile&quot;:&quot;100%&quot;,&quot;scroll_to_offset&quot;:&quot;yes&quot;}\" data-widget_type=\"premium-addon-blog.default\">\n\t\t\t\t<div class=\"elementor-widget-container\">\n\t\t\t\r\n\t\t\t\t<div class=\"premium-blog-wrap  premium-blog-even\" data-page=\"2115\">\r\n\t\t\t\t\t<div class=\"premium-blog-post-outer-container\" data-total=\"1\">\r\n\t\t\t<div class=\"premium-blog-post-container premium-blog-skin-modern\">\r\n\t\t\t\t\t\t\t\t\t<div class=\"premium-blog-thumb-effect-wrapper\">\r\n\t\t\t\t\t\t<div class=\"premium-blog-thumbnail-container premium-blog-zoomin-effect\">\r\n\t\t\t\t\t\t\t\t\t\t\t<a href=\"https:\/\/eracbd.com\/en\/quest-ce-que-le-cbdv2\/\" target=\"_blank\">\r\n\t\t\t\t<img fetchpriority=\"high\" decoding=\"async\" width=\"450\" height=\"600\" src=\"https:\/\/eracbd.com\/wp-content\/uploads\/2023\/12\/quest-ce-que-le-cbd-logo-1.jpg\" class=\"attachment-full size-full wp-image-3168\" alt=\"What is CBD? A pure and fresh hemp flower in Era CBD products.\" srcset=\"https:\/\/eracbd.com\/wp-content\/uploads\/2023\/12\/quest-ce-que-le-cbd-logo-1.jpg 450w, https:\/\/eracbd.com\/wp-content\/uploads\/2023\/12\/quest-ce-que-le-cbd-logo-1-225x300.jpg 225w\" sizes=\"(max-width: 450px) 100vw, 450px\" \/>\t\t\t\t<\/a>\r\n\t\t\t\t\t\t\t\t\t\t<\/div>\r\n\t\t\t\t\t\t\t\t\t\t\t\t\t<div class=\"premium-blog-effect-container premium-blog-framed-effect\">\r\n\t\t\t\t\t\t\t\t<a class=\"premium-blog-post-link\" href=\"https:\/\/eracbd.com\/en\/quest-ce-que-le-cbdv2\/\" target=\"_blank\"><span>1. What is CBD?<\/span><\/a>\r\n\t\t\t\t\t\t\t\t\t\t\t\t\t\t\t<\/div>\r\n\t\t\t\t\t\t\t\t\t\t\t<\/div>\r\n\t\t\t\t\t\t\t\t\t\t\t\t<div class=\"premium-blog-content-wrapper\">\r\n\r\n\t\t\t\t\t<div class=\"premium-blog-inner-container\">\r\n\r\n\t\t\t\t\t\t\t\t\t\t\t\t\t\t<h1 class=\"premium-blog-entry-title\">\r\n\t\t\t<a href=\"https:\/\/eracbd.com\/en\/quest-ce-que-le-cbdv2\/\" target=\"_blank\">\r\n\t\t\t\t1. What is CBD?\t\t\t<\/a>\r\n\t\t<\/h1>\r\n\t\t\t\t<div class=\"premium-blog-entry-meta\">\r\n\t\t\t\r\n\t\t\t\r\n\t\t\t\r\n\t\t\t\t\t<\/div>\r\n\t\t\r\n\t\t\t\t\t<\/div>\r\n\r\n\t\t\t\t\t\t\t\t\t\t\r\n\t\t\t\t<\/div>\r\n\t\t\t<\/div>\r\n\t\t<\/div>\r\n\r\n\t\t\t\t<div class=\"premium-blog-post-outer-container\" data-total=\"1\">\r\n\t\t\t<div class=\"premium-blog-post-container premium-blog-skin-modern\">\r\n\t\t\t\t\t\t\t\t\t<div class=\"premium-blog-thumb-effect-wrapper\">\r\n\t\t\t\t\t\t<div class=\"premium-blog-thumbnail-container premium-blog-zoomin-effect\">\r\n\t\t\t\t\t\t\t\t\t\t\t<a href=\"https:\/\/eracbd.com\/en\/cbd-pour-dormir\/\" target=\"_blank\">\r\n\t\t\t\t<img decoding=\"async\" width=\"450\" height=\"600\" src=\"https:\/\/eracbd.com\/wp-content\/uploads\/2023\/12\/cbd-pour-dormir.jpg\" class=\"attachment-full size-full wp-image-3165\" alt=\"A person sleeps soundly thanks to ERA CBD oil.\" srcset=\"https:\/\/eracbd.com\/wp-content\/uploads\/2023\/12\/cbd-pour-dormir.jpg 450w, https:\/\/eracbd.com\/wp-content\/uploads\/2023\/12\/cbd-pour-dormir-225x300.jpg 225w\" sizes=\"(max-width: 450px) 100vw, 450px\" \/>\t\t\t\t<\/a>\r\n\t\t\t\t\t\t\t\t\t\t<\/div>\r\n\t\t\t\t\t\t\t\t\t\t\t\t\t<div class=\"premium-blog-effect-container premium-blog-framed-effect\">\r\n\t\t\t\t\t\t\t\t<a class=\"premium-blog-post-link\" href=\"https:\/\/eracbd.com\/en\/cbd-pour-dormir\/\" target=\"_blank\"><span>2. CBD for sleep<\/span><\/a>\r\n\t\t\t\t\t\t\t\t\t\t\t\t\t\t\t<\/div>\r\n\t\t\t\t\t\t\t\t\t\t\t<\/div>\r\n\t\t\t\t\t\t\t\t\t\t\t\t<div class=\"premium-blog-content-wrapper\">\r\n\r\n\t\t\t\t\t<div class=\"premium-blog-inner-container\">\r\n\r\n\t\t\t\t\t\t\t\t\t\t\t\t\t\t<h1 class=\"premium-blog-entry-title\">\r\n\t\t\t<a href=\"https:\/\/eracbd.com\/en\/cbd-pour-dormir\/\" target=\"_blank\">\r\n\t\t\t\t2. CBD for sleep\t\t\t<\/a>\r\n\t\t<\/h1>\r\n\t\t\t\t<div class=\"premium-blog-entry-meta\">\r\n\t\t\t\r\n\t\t\t\r\n\t\t\t\r\n\t\t\t\t\t<\/div>\r\n\t\t\r\n\t\t\t\t\t<\/div>\r\n\r\n\t\t\t\t\t\t\t\t\t\t\r\n\t\t\t\t<\/div>\r\n\t\t\t<\/div>\r\n\t\t<\/div>\r\n\r\n\t\t\t\t<div class=\"premium-blog-post-outer-container\" data-total=\"1\">\r\n\t\t\t<div class=\"premium-blog-post-container premium-blog-skin-modern\">\r\n\t\t\t\t\t\t\t\t\t<div class=\"premium-blog-thumb-effect-wrapper\">\r\n\t\t\t\t\t\t<div class=\"premium-blog-thumbnail-container premium-blog-zoomin-effect\">\r\n\t\t\t\t\t\t\t\t\t\t\t<a href=\"https:\/\/eracbd.com\/en\/apnee-du-sommeil-cbd\/\" target=\"_blank\">\r\n\t\t\t\t<img decoding=\"async\" width=\"450\" height=\"600\" src=\"https:\/\/eracbd.com\/wp-content\/uploads\/2023\/12\/CBD-apnee-du-sommeil-2.jpg\" class=\"attachment-full size-full wp-image-3130\" alt=\"A man with sleep apnea is depressed. He can&#039;t sleep anymore.\" srcset=\"https:\/\/eracbd.com\/wp-content\/uploads\/2023\/12\/CBD-apnee-du-sommeil-2.jpg 450w, https:\/\/eracbd.com\/wp-content\/uploads\/2023\/12\/CBD-apnee-du-sommeil-2-225x300.jpg 225w\" sizes=\"(max-width: 450px) 100vw, 450px\" \/>\t\t\t\t<\/a>\r\n\t\t\t\t\t\t\t\t\t\t<\/div>\r\n\t\t\t\t\t\t\t\t\t\t\t\t\t<div class=\"premium-blog-effect-container premium-blog-framed-effect\">\r\n\t\t\t\t\t\t\t\t<a class=\"premium-blog-post-link\" href=\"https:\/\/eracbd.com\/en\/apnee-du-sommeil-cbd\/\" target=\"_blank\"><span>3. Sleep apnea and CBD<\/span><\/a>\r\n\t\t\t\t\t\t\t\t\t\t\t\t\t\t\t<\/div>\r\n\t\t\t\t\t\t\t\t\t\t\t<\/div>\r\n\t\t\t\t\t\t\t\t\t\t\t\t<div class=\"premium-blog-content-wrapper\">\r\n\r\n\t\t\t\t\t<div class=\"premium-blog-inner-container\">\r\n\r\n\t\t\t\t\t\t\t\t\t\t\t\t\t\t<h1 class=\"premium-blog-entry-title\">\r\n\t\t\t<a href=\"https:\/\/eracbd.com\/en\/apnee-du-sommeil-cbd\/\" target=\"_blank\">\r\n\t\t\t\t3. Sleep apnea and CBD\t\t\t<\/a>\r\n\t\t<\/h1>\r\n\t\t\t\t<div class=\"premium-blog-entry-meta\">\r\n\t\t\t\r\n\t\t\t\r\n\t\t\t\r\n\t\t\t\t\t<\/div>\r\n\t\t\r\n\t\t\t\t\t<\/div>\r\n\r\n\t\t\t\t\t\t\t\t\t\t\r\n\t\t\t\t<\/div>\r\n\t\t\t<\/div>\r\n\t\t<\/div>\r\n\r\n\t\t\t\t<div class=\"premium-blog-post-outer-container\" data-total=\"1\">\r\n\t\t\t<div class=\"premium-blog-post-container premium-blog-skin-modern\">\r\n\t\t\t\t\t\t\t\t\t<div class=\"premium-blog-thumb-effect-wrapper\">\r\n\t\t\t\t\t\t<div class=\"premium-blog-thumbnail-container premium-blog-zoomin-effect\">\r\n\t\t\t\t\t\t\t\t\t\t\t<a href=\"https:\/\/eracbd.com\/en\/arthrose-bienfaits-cbd\/\" target=\"_blank\">\r\n\t\t\t\t<img loading=\"lazy\" decoding=\"async\" width=\"450\" height=\"600\" src=\"https:\/\/eracbd.com\/wp-content\/uploads\/2023\/12\/douleurs-articulaires-musculaires-arthrose-2.jpg\" class=\"attachment-full size-full wp-image-3258\" alt=\"A person touches their calf because they have joint pain. She suffers from osteoarthritis.\" srcset=\"https:\/\/eracbd.com\/wp-content\/uploads\/2023\/12\/douleurs-articulaires-musculaires-arthrose-2.jpg 450w, https:\/\/eracbd.com\/wp-content\/uploads\/2023\/12\/douleurs-articulaires-musculaires-arthrose-2-225x300.jpg 225w\" sizes=\"(max-width: 450px) 100vw, 450px\" \/>\t\t\t\t<\/a>\r\n\t\t\t\t\t\t\t\t\t\t<\/div>\r\n\t\t\t\t\t\t\t\t\t\t\t\t\t<div class=\"premium-blog-effect-container premium-blog-framed-effect\">\r\n\t\t\t\t\t\t\t\t<a class=\"premium-blog-post-link\" href=\"https:\/\/eracbd.com\/en\/arthrose-bienfaits-cbd\/\" target=\"_blank\"><span>4. Osteoarthritis and CBD<\/span><\/a>\r\n\t\t\t\t\t\t\t\t\t\t\t\t\t\t\t<\/div>\r\n\t\t\t\t\t\t\t\t\t\t\t<\/div>\r\n\t\t\t\t\t\t\t\t\t\t\t\t<div class=\"premium-blog-content-wrapper\">\r\n\r\n\t\t\t\t\t<div class=\"premium-blog-inner-container\">\r\n\r\n\t\t\t\t\t\t\t\t\t\t\t\t\t\t<h1 class=\"premium-blog-entry-title\">\r\n\t\t\t<a href=\"https:\/\/eracbd.com\/en\/arthrose-bienfaits-cbd\/\" target=\"_blank\">\r\n\t\t\t\t4. Osteoarthritis and CBD\t\t\t<\/a>\r\n\t\t<\/h1>\r\n\t\t\t\t<div class=\"premium-blog-entry-meta\">\r\n\t\t\t\r\n\t\t\t\r\n\t\t\t\r\n\t\t\t\t\t<\/div>\r\n\t\t\r\n\t\t\t\t\t<\/div>\r\n\r\n\t\t\t\t\t\t\t\t\t\t\r\n\t\t\t\t<\/div>\r\n\t\t\t<\/div>\r\n\t\t<\/div>\r\n\r\n\t\t\t\t<div class=\"premium-blog-post-outer-container\" data-total=\"1\">\r\n\t\t\t<div class=\"premium-blog-post-container premium-blog-skin-modern\">\r\n\t\t\t\t\t\t\t\t\t<div class=\"premium-blog-thumb-effect-wrapper\">\r\n\t\t\t\t\t\t<div class=\"premium-blog-thumbnail-container premium-blog-zoomin-effect\">\r\n\t\t\t\t\t\t\t\t\t\t\t<a href=\"https:\/\/eracbd.com\/en\/anxiete-sociale-bienfaits-cbd\/\" target=\"_blank\">\r\n\t\t\t\t<img loading=\"lazy\" decoding=\"async\" width=\"450\" height=\"600\" src=\"https:\/\/eracbd.com\/wp-content\/uploads\/2023\/12\/anxiete-sociale-2.jpg\" class=\"attachment-full size-full wp-image-3129\" alt=\"The person is paralyzed by social anxiety.\" srcset=\"https:\/\/eracbd.com\/wp-content\/uploads\/2023\/12\/anxiete-sociale-2.jpg 450w, https:\/\/eracbd.com\/wp-content\/uploads\/2023\/12\/anxiete-sociale-2-225x300.jpg 225w\" sizes=\"(max-width: 450px) 100vw, 450px\" \/>\t\t\t\t<\/a>\r\n\t\t\t\t\t\t\t\t\t\t<\/div>\r\n\t\t\t\t\t\t\t\t\t\t\t\t\t<div class=\"premium-blog-effect-container premium-blog-framed-effect\">\r\n\t\t\t\t\t\t\t\t<a class=\"premium-blog-post-link\" href=\"https:\/\/eracbd.com\/en\/anxiete-sociale-bienfaits-cbd\/\" target=\"_blank\"><span>5. Social anxiety and CBD<\/span><\/a>\r\n\t\t\t\t\t\t\t\t\t\t\t\t\t\t\t<\/div>\r\n\t\t\t\t\t\t\t\t\t\t\t<\/div>\r\n\t\t\t\t\t\t\t\t\t\t\t\t<div class=\"premium-blog-content-wrapper\">\r\n\r\n\t\t\t\t\t<div class=\"premium-blog-inner-container\">\r\n\r\n\t\t\t\t\t\t\t\t\t\t\t\t\t\t<h1 class=\"premium-blog-entry-title\">\r\n\t\t\t<a href=\"https:\/\/eracbd.com\/en\/anxiete-sociale-bienfaits-cbd\/\" target=\"_blank\">\r\n\t\t\t\t5. Social anxiety and CBD\t\t\t<\/a>\r\n\t\t<\/h1>\r\n\t\t\t\t<div class=\"premium-blog-entry-meta\">\r\n\t\t\t\r\n\t\t\t\r\n\t\t\t\r\n\t\t\t\t\t<\/div>\r\n\t\t\r\n\t\t\t\t\t<\/div>\r\n\r\n\t\t\t\t\t\t\t\t\t\t\r\n\t\t\t\t<\/div>\r\n\t\t\t<\/div>\r\n\t\t<\/div>\r\n\r\n\t\t\t\t<\/div>\r\n\r\n\t\t\t\t<\/div>\n\t\t\t\t<\/div>\n\t\t\t\t\t<\/div>\n\t\t\t\t<\/div>\n\t\t\t\t\t\t\t<\/div>","protected":false},"excerpt":{"rendered":"<p>1. Qu&#8217;est-ce que le CBD ? 1. Qu&#8217;est-ce que le CBD ? 2. Le CBD pour dormir 2. Le CBD pour dormir 3. Apn\u00e9e du sommeil et CBD 3. Apn\u00e9e du sommeil et CBD 4. Arthrose et CBD 4. Arthrose et CBD 5. Anxi\u00e9t\u00e9 sociale et CBD 5. Anxi\u00e9t\u00e9 sociale et CBD<\/p>","protected":false},"author":1,"featured_media":0,"parent":0,"menu_order":0,"comment_status":"closed","ping_status":"closed","template":"","meta":{"site-sidebar-layout":"no-sidebar","site-content-layout":"page-builder","ast-site-content-layout":"full-width-container","site-content-style":"default","site-sidebar-style":"default","ast-global-header-display":"","ast-banner-title-visibility":"","ast-main-header-display":"","ast-hfb-above-header-display":"","ast-hfb-below-header-display":"","ast-hfb-mobile-header-display":"","site-post-title":"disabled","ast-breadcrumbs-content":"","ast-featured-img":"disabled","footer-sml-layout":"","theme-transparent-header-meta":"","adv-header-id-meta":"","stick-header-meta":"","header-above-stick-meta":"","header-main-stick-meta":"","header-below-stick-meta":"","astra-migrate-meta-layouts":"set","footnotes":""},"_links":{"self":[{"href":"https:\/\/eracbd.com\/en\/wp-json\/wp\/v2\/pages\/2115"}],"collection":[{"href":"https:\/\/eracbd.com\/en\/wp-json\/wp\/v2\/pages"}],"about":[{"href":"https:\/\/eracbd.com\/en\/wp-json\/wp\/v2\/types\/page"}],"author":[{"embeddable":true,"href":"https:\/\/eracbd.com\/en\/wp-json\/wp\/v2\/users\/1"}],"replies":[{"embeddable":true,"href":"https:\/\/eracbd.com\/en\/wp-json\/wp\/v2\/comments?post=2115"}],"version-history":[{"count":0,"href":"https:\/\/eracbd.com\/en\/wp-json\/wp\/v2\/pages\/2115\/revisions"}],"wp:attachment":[{"href":"https:\/\/eracbd.com\/en\/wp-json\/wp\/v2\/media?parent=2115"}],"curies":[{"name":"wp","href":"https:\/\/api.w.org\/{rel}","templated":true}]}}