{"id":1343,"date":"2023-09-26T15:57:21","date_gmt":"2023-09-26T13:57:21","guid":{"rendered":"https:\/\/eracbd.com\/?post_type=product&#038;p=1343"},"modified":"2025-02-12T02:46:26","modified_gmt":"2025-02-12T01:46:26","slug":"huile-cbd-massage","status":"publish","type":"product","link":"https:\/\/eracbd.com\/es\/producto\/huile-cbd-massage\/","title":{"rendered":"Aceite de Masaje CBD \u2013 Relajante de m\u00fasculos y articulaciones"},"content":{"rendered":"<p><strong>Con Aceite de Masaje Era \u201cRelajante Muscular y Articular<\/strong>\u00a0\u00bb <strong>entre las manos, imag\u00ednese inmerso en un capullo de bienestar, con el dolor desapareciendo lentamente y las preocupaciones desapareciendo de su mente.<\/strong>. <\/p>\n\n\n\n<ol type=\"1\">\n<li><strong>Prepare la atm\u00f3sfera:<\/strong> Cree una atm\u00f3sfera propicia para la relajaci\u00f3n en un lugar tranquilo.<\/li>\n\n\n\n<li><strong>HUELE LOS OLORES DE\u2026. PARA LOS INGREDIENTES<\/strong><\/li>\n\n\n\n<li><strong>Calienta el aceite Era CBD \u2013 Relajante muscular y articular<\/strong> <strong>:<\/strong> Vierte unas gotas de aceite de masaje en la palma de tu mano y frota ligeramente para calentarla. <em>Es mejor aplicar el aceite cuando est\u00e9 ligeramente tibio.<\/em><\/li>\n\n\n\n<li><strong>Iniciar el Masaje:<\/strong> Aplique aceite de masaje Era CBD \u2013 Relajante muscular y articular en el \u00e1rea a masajear. Utilice movimientos lentos y suaves para relajar los m\u00fasculos. <\/li>\n\n\n\n<li><strong>Respira profundamente :<\/strong> Respire profundamente para intensificar la relajaci\u00f3n. Deja que el relajante aroma del aceite y el poder del CBD te envuelvan.<\/li>\n\n\n\n<li><strong>Disfruta el momento presente:<\/strong> Deja que tus preocupaciones desaparezcan, c\u00e9ntrate en el bienestar de tu cuerpo y mente. Tu piel permanecer\u00e1 suave y nutrida.<\/li>\n<\/ol>","protected":false},"excerpt":{"rendered":"<p>El aceite de masaje Era CBD ayuda a relajar los m\u00fasculos y aliviar las articulaciones para una acci\u00f3n espec\u00edfica e instant\u00e1nea.<\/p>","protected":false},"featured_media":0,"comment_status":"open","ping_status":"closed","template":"","meta":{"site-sidebar-layout":"default","site-content-layout":"","ast-site-content-layout":"","site-content-style":"default","site-sidebar-style":"default","ast-global-header-display":"","ast-banner-title-visibility":"","ast-main-header-display":"","ast-hfb-above-header-display":"","ast-hfb-below-header-display":"","ast-hfb-mobile-header-display":"","site-post-title":"","ast-breadcrumbs-content":"","ast-featured-img":"","footer-sml-layout":"","theme-transparent-header-meta":"","adv-header-id-meta":"","stick-header-meta":"","header-above-stick-meta":"","header-main-stick-meta":"","header-below-stick-meta":"","astra-migrate-meta-layouts":""},"product_cat":[41],"product_tag":[],"_links":{"self":[{"href":"https:\/\/eracbd.com\/es\/wp-json\/wp\/v2\/product\/1343"}],"collection":[{"href":"https:\/\/eracbd.com\/es\/wp-json\/wp\/v2\/product"}],"about":[{"href":"https:\/\/eracbd.com\/es\/wp-json\/wp\/v2\/types\/product"}],"replies":[{"embeddable":true,"href":"https:\/\/eracbd.com\/es\/wp-json\/wp\/v2\/comments?post=1343"}],"version-history":[{"count":0,"href":"https:\/\/eracbd.com\/es\/wp-json\/wp\/v2\/product\/1343\/revisions"}],"wp:attachment":[{"href":"https:\/\/eracbd.com\/es\/wp-json\/wp\/v2\/media?parent=1343"}],"wp:term":[{"taxonomy":"product_cat","embeddable":true,"href":"https:\/\/eracbd.com\/es\/wp-json\/wp\/v2\/product_cat?post=1343"},{"taxonomy":"product_tag","embeddable":true,"href":"https:\/\/eracbd.com\/es\/wp-json\/wp\/v2\/product_tag?post=1343"}],"curies":[{"name":"wp","href":"https:\/\/api.w.org\/{rel}","templated":true}]}}