{"id":1345,"date":"2023-09-26T16:14:22","date_gmt":"2023-09-26T14:14:22","guid":{"rendered":"https:\/\/eracbd.com\/?post_type=product&#038;p=1345"},"modified":"2024-01-23T00:24:50","modified_gmt":"2024-01-22T23:24:50","slug":"huile-cbd-sommeil-paisible","status":"publish","type":"product","link":"https:\/\/eracbd.com\/es\/producto\/huile-cbd-sommeil-paisible\/","title":{"rendered":"Aceite de CBD \u2013 Sue\u00f1o tranquilo"},"content":{"rendered":"<p><strong>Imag\u00ednese recostado en la tranquilidad de su habitaci\u00f3n, las preocupaciones del d\u00eda se desvanecen y su mente se prepara lentamente para so\u00f1ar. Con el aceite de CBD de Era \u2013 Peaceful Sleep, tienes en tus manos una invitaci\u00f3n a viajar al coraz\u00f3n del sue\u00f1o relajante y natural.<\/strong><\/p>\n\n\n\n<ol type=\"1\" start=\"1\">\n<li>Agite suavemente la botella de Era: \u201cAceite de CBD \u2013 Sue\u00f1o tranquilo\u201d. <\/li>\n\n\n\n<li>La primera semana, coloque 2-3 gotas de aceite de CBD \u2013 Peaceful Sleep debajo de la lengua \u2013 m\u00e9todo de administraci\u00f3n sublingual.<\/li>\n\n\n\n<li>Espere 60 segundos para una absorci\u00f3n y eficacia \u00f3ptimas.<\/li>\n\n\n\n<li>Para una dosificaci\u00f3n personalizada y a medida, realice su diagn\u00f3stico en menos de 2 minutos&nbsp;<a href=\"#quiz-koHeyK\"><strong>aqu\u00ed<\/strong><\/a>.<\/li>\n\n\n\n<li><strong>Integrar<\/strong> tu Aceite de CBD \u2013 Sue\u00f1o Tranquilo en tu ritual nocturno para liberar tensiones, calmar la mente y prepararte para una noche de deliciosos sue\u00f1os con Science Era CBD. <\/li>\n<\/ol>","protected":false},"excerpt":{"rendered":"<p>L&rsquo;Huile CBD Era pour un sommeil paisible. Test\u00e9e et approuv\u00e9e par la Science Era CBD. <\/p>","protected":false},"featured_media":0,"comment_status":"open","ping_status":"closed","template":"","meta":{"site-sidebar-layout":"default","site-content-layout":"","ast-site-content-layout":"","site-content-style":"default","site-sidebar-style":"default","ast-global-header-display":"","ast-banner-title-visibility":"","ast-main-header-display":"","ast-hfb-above-header-display":"","ast-hfb-below-header-display":"","ast-hfb-mobile-header-display":"","site-post-title":"","ast-breadcrumbs-content":"","ast-featured-img":"","footer-sml-layout":"","theme-transparent-header-meta":"","adv-header-id-meta":"","stick-header-meta":"","header-above-stick-meta":"","header-main-stick-meta":"","header-below-stick-meta":"","astra-migrate-meta-layouts":""},"product_cat":[40],"product_tag":[],"_links":{"self":[{"href":"https:\/\/eracbd.com\/es\/wp-json\/wp\/v2\/product\/1345"}],"collection":[{"href":"https:\/\/eracbd.com\/es\/wp-json\/wp\/v2\/product"}],"about":[{"href":"https:\/\/eracbd.com\/es\/wp-json\/wp\/v2\/types\/product"}],"replies":[{"embeddable":true,"href":"https:\/\/eracbd.com\/es\/wp-json\/wp\/v2\/comments?post=1345"}],"version-history":[{"count":1,"href":"https:\/\/eracbd.com\/es\/wp-json\/wp\/v2\/product\/1345\/revisions"}],"predecessor-version":[{"id":3580,"href":"https:\/\/eracbd.com\/es\/wp-json\/wp\/v2\/product\/1345\/revisions\/3580"}],"wp:attachment":[{"href":"https:\/\/eracbd.com\/es\/wp-json\/wp\/v2\/media?parent=1345"}],"wp:term":[{"taxonomy":"product_cat","embeddable":true,"href":"https:\/\/eracbd.com\/es\/wp-json\/wp\/v2\/product_cat?post=1345"},{"taxonomy":"product_tag","embeddable":true,"href":"https:\/\/eracbd.com\/es\/wp-json\/wp\/v2\/product_tag?post=1345"}],"curies":[{"name":"wp","href":"https:\/\/api.w.org\/{rel}","templated":true}]}}