{"id":1347,"date":"2023-09-26T16:20:49","date_gmt":"2023-09-26T14:20:49","guid":{"rendered":"https:\/\/eracbd.com\/?post_type=product&#038;p=1347"},"modified":"2026-03-22T12:37:44","modified_gmt":"2026-03-22T11:37:44","slug":"huile-cbd-douleurs","status":"publish","type":"product","link":"https:\/\/eracbd.com\/es\/producto\/huile-cbd-douleurs\/","title":{"rendered":"Aceite de CBD \u2013 Osteoartritis y dolor muscular"},"content":{"rendered":"<p><strong>Con el aceite de CBD Era \u201cOsteoartritis y dolor muscular\u201d en tus manos, imag\u00ednate libre de tu dolor m\u00e1s intenso. Tus m\u00fasculos y articulaciones se reparan de adentro hacia afuera con Science Era CBD.<\/strong><\/p>\n\n\n\n<ol type=\"1\" start=\"1\">\n<li>Agite suavemente la botella de Era: Aceite de CBD \u2013 Osteoartritis y dolores musculares.<\/li>\n\n\n\n<li>La primera semana, coloque 2-3 gotas de aceite de CBD \u2013 Osteoartritis y dolor muscular debajo de la lengua \u2013 m\u00e9todo de administraci\u00f3n sublingual.<\/li>\n\n\n\n<li>Espere 60 segundos para una absorci\u00f3n y eficacia \u00f3ptimas.<\/li>\n\n\n\n<li>Para una dosificaci\u00f3n personalizada y a medida, realice su diagn\u00f3stico en menos de 2 minutos <a href=\"https:\/\/eracbd.com\/es\/ff8fdf9e-8d96-47df-b38f-6ce39aeeb12d\/#quiz-koHeyK\"><strong>aqu\u00ed<\/strong><\/a>.<\/li>\n\n\n\n<li>Redescubre el placer de moverte libremente con tu aceite Era CBD \u201cOsteoartritis y Dolor Muscular\u201d para un alivio natural y en profundidad <em>(tambi\u00e9n recomendado para deportistas).   <\/em>                                                                                                                                                                                                         <\/li>\n<\/ol>\n\n\n\n<p>        <\/p>","protected":false},"excerpt":{"rendered":"<p>Aceite de CBD Era para tus dolores articulares y musculares. <\/p>","protected":false},"featured_media":0,"comment_status":"open","ping_status":"closed","template":"","meta":{"site-sidebar-layout":"default","site-content-layout":"","ast-site-content-layout":"","site-content-style":"default","site-sidebar-style":"default","ast-global-header-display":"","ast-banner-title-visibility":"","ast-main-header-display":"","ast-hfb-above-header-display":"","ast-hfb-below-header-display":"","ast-hfb-mobile-header-display":"","site-post-title":"","ast-breadcrumbs-content":"","ast-featured-img":"","footer-sml-layout":"","theme-transparent-header-meta":"","adv-header-id-meta":"","stick-header-meta":"","header-above-stick-meta":"","header-main-stick-meta":"","header-below-stick-meta":"","astra-migrate-meta-layouts":""},"product_cat":[48],"product_tag":[],"_links":{"self":[{"href":"https:\/\/eracbd.com\/es\/wp-json\/wp\/v2\/product\/1347"}],"collection":[{"href":"https:\/\/eracbd.com\/es\/wp-json\/wp\/v2\/product"}],"about":[{"href":"https:\/\/eracbd.com\/es\/wp-json\/wp\/v2\/types\/product"}],"replies":[{"embeddable":true,"href":"https:\/\/eracbd.com\/es\/wp-json\/wp\/v2\/comments?post=1347"}],"version-history":[{"count":1,"href":"https:\/\/eracbd.com\/es\/wp-json\/wp\/v2\/product\/1347\/revisions"}],"predecessor-version":[{"id":3579,"href":"https:\/\/eracbd.com\/es\/wp-json\/wp\/v2\/product\/1347\/revisions\/3579"}],"wp:attachment":[{"href":"https:\/\/eracbd.com\/es\/wp-json\/wp\/v2\/media?parent=1347"}],"wp:term":[{"taxonomy":"product_cat","embeddable":true,"href":"https:\/\/eracbd.com\/es\/wp-json\/wp\/v2\/product_cat?post=1347"},{"taxonomy":"product_tag","embeddable":true,"href":"https:\/\/eracbd.com\/es\/wp-json\/wp\/v2\/product_tag?post=1347"}],"curies":[{"name":"wp","href":"https:\/\/api.w.org\/{rel}","templated":true}]}}