{"id":232,"date":"2021-08-18T05:19:42","date_gmt":"2021-08-18T03:19:42","guid":{"rendered":"https:\/\/eracbd.com\/produit\/aralia-ming\/"},"modified":"2024-01-23T00:25:01","modified_gmt":"2024-01-22T23:25:01","slug":"aralia-ming","status":"publish","type":"product","link":"https:\/\/eracbd.com\/es\/producto\/aralia-ming\/","title":{"rendered":"Aceite de CBD \u2013 Antiestr\u00e9s natural"},"content":{"rendered":"<div data-elementor-type=\"wp-post\" data-elementor-id=\"232\" class=\"elementor elementor-232\" data-elementor-post-type=\"product\">\n\t\t\t\t\t\t\t<div class=\"elementor-element elementor-element-ddcc2ce e-flex e-con-boxed e-con e-parent\" data-id=\"ddcc2ce\" data-element_type=\"container\" data-settings=\"{&quot;content_width&quot;:&quot;boxed&quot;}\" data-core-v316-plus=\"true\">\n\t\t\t\t\t<div class=\"e-con-inner\">\n\t\t\t\t<div class=\"elementor-element elementor-element-8086d11 elementor-widget elementor-widget-wl-single-product-description\" data-id=\"8086d11\" data-element_type=\"widget\" data-widget_type=\"wl-single-product-description.default\">\n\t\t\t\t<div class=\"elementor-widget-container\">\n\t\t\t<div class=\"woocommerce_product_description\">\n<p><strong>Con el aceite de CBD natural antiestr\u00e9s de Era en tus manos, encuentra tu serenidad interior en plena conciencia. Deja que el CBD te envuelva en una sensaci\u00f3n de bienestar, equilibrando tu mente y tu cuerpo.<\/strong><\/p>\n\n\n\n<ol>\n<li>Agite suavemente el frasco de Era \u201cAceite de CBD \u2013 Antiestr\u00e9s natural\u201d.<\/li>\n\n\n\n<li>La primera semana, coloque 2-3 gotas de aceite de CBD Natural Anti-Stress debajo de la lengua \u2013 m\u00e9todo de administraci\u00f3n sublingual<em>&nbsp;(ajustar seg\u00fan sea necesario).<\/em><\/li>\n\n\n\n<li>Espere 60 segundos antes de tragar para una absorci\u00f3n y eficacia \u00f3ptimas.<\/li>\n\n\n\n<li>Para una dosificaci\u00f3n personalizada y a medida, realice su diagn\u00f3stico en menos de 2 minutos&nbsp;<a href=\"https:\/\/eracbd.com\/es\/ff8fdf9e-8d96-47df-b38f-6ce39aeeb12d\/#quiz-koHeyK\"><strong>aqu\u00ed<\/strong><\/a>.<\/li>\n\n\n\n<li>Deja que cada gota de Era CBD te acerque a la tranquilidad que buscas. Al\u00e9jate del estr\u00e9s y la ansiedad del d\u00eda a d\u00eda con el Aceite CBD Antiestr\u00e9s Natural de Era.<\/li>\n<\/ol>\n<\/div>\t\t<\/div>\n\t\t\t\t<\/div>\n\t\t\t\t\t<\/div>\n\t\t\t\t<\/div>\n\t\t\t\t\t\t\t<\/div>","protected":false},"excerpt":{"rendered":"<p>Aceite de CBD Era para volver a la calma, a una vida sin estr\u00e9s ni ansiedad. <\/p>","protected":false},"featured_media":0,"comment_status":"open","ping_status":"closed","template":"","meta":{"site-sidebar-layout":"default","site-content-layout":"content-boxed-container","ast-site-content-layout":"","site-content-style":"default","site-sidebar-style":"default","ast-global-header-display":"","ast-banner-title-visibility":"","ast-main-header-display":"","ast-hfb-above-header-display":"","ast-hfb-below-header-display":"","ast-hfb-mobile-header-display":"","site-post-title":"","ast-breadcrumbs-content":"","ast-featured-img":"","footer-sml-layout":"","theme-transparent-header-meta":"default","adv-header-id-meta":"","stick-header-meta":"","header-above-stick-meta":"","header-main-stick-meta":"","header-below-stick-meta":"","astra-migrate-meta-layouts":""},"product_cat":[15],"product_tag":[],"_links":{"self":[{"href":"https:\/\/eracbd.com\/es\/wp-json\/wp\/v2\/product\/232"}],"collection":[{"href":"https:\/\/eracbd.com\/es\/wp-json\/wp\/v2\/product"}],"about":[{"href":"https:\/\/eracbd.com\/es\/wp-json\/wp\/v2\/types\/product"}],"replies":[{"embeddable":true,"href":"https:\/\/eracbd.com\/es\/wp-json\/wp\/v2\/comments?post=232"}],"version-history":[{"count":1,"href":"https:\/\/eracbd.com\/es\/wp-json\/wp\/v2\/product\/232\/revisions"}],"predecessor-version":[{"id":3581,"href":"https:\/\/eracbd.com\/es\/wp-json\/wp\/v2\/product\/232\/revisions\/3581"}],"wp:attachment":[{"href":"https:\/\/eracbd.com\/es\/wp-json\/wp\/v2\/media?parent=232"}],"wp:term":[{"taxonomy":"product_cat","embeddable":true,"href":"https:\/\/eracbd.com\/es\/wp-json\/wp\/v2\/product_cat?post=232"},{"taxonomy":"product_tag","embeddable":true,"href":"https:\/\/eracbd.com\/es\/wp-json\/wp\/v2\/product_tag?post=232"}],"curies":[{"name":"wp","href":"https:\/\/api.w.org\/{rel}","templated":true}]}}